{"id":2264,"date":"2021-11-20T06:26:13","date_gmt":"2021-11-20T06:26:13","guid":{"rendered":"http:\/\/sofrpur.com\/services\/"},"modified":"2024-05-22T14:35:36","modified_gmt":"2024-05-22T14:35:36","slug":"services","status":"publish","type":"page","link":"https:\/\/sofrpur.com\/en\/services\/","title":{"rendered":"Services"},"content":{"rendered":"\t\t<div data-elementor-type=\"wp-page\" data-elementor-id=\"2264\" class=\"elementor elementor-2264 elementor-1203\" data-elementor-post-type=\"page\">\n\t\t\t\t\t\t<section class=\"elementor-section elementor-top-section elementor-element elementor-element-65fe403 elementor-section-full_width elementor-section-height-default elementor-section-height-default\" data-id=\"65fe403\" data-element_type=\"section\">\n\t\t\t\t\t\t<div class=\"elementor-container elementor-column-gap-default\">\n\t\t\t\t\t<div class=\"elementor-column elementor-col-100 elementor-top-column elementor-element elementor-element-5deadef\" data-id=\"5deadef\" data-element_type=\"column\">\n\t\t\t<div class=\"elementor-widget-wrap elementor-element-populated\">\n\t\t\t\t\t\t<div class=\"elementor-element elementor-element-ce7281e elementor-widget elementor-widget-acrepair_our_services_2\" data-id=\"ce7281e\" data-element_type=\"widget\" data-widget_type=\"acrepair_our_services_2.default\">\n\t\t\t\t<div class=\"elementor-widget-container\">\n\t\t\t\t\t    \n    \n    <!-- Services Page Section -->    \n    <section class=\"services-page-section\">    \n\t\t<div class=\"auto-container\">\n\t\t\t<div class=\"row clearfix\">            \n\t\t\t\t            \n\t\t\t\t<!-- Service Block Three -->\n\t\t\t\t<div class=\"service-block-three col-lg-4 col-md-6 col-sm-12\">\n                \t<div class=\"inner-box\">                    \n\t\t\t\t\t\t<div class=\"icon-box\">                        \n\t\t\t\t\t\t\t<span class=\"icon  flaticon-settings-2\"><\/span>\n                        <\/div>                        \n\t\t\t\t\t\t<h3><a href=\"https:\/\/wp1.yogsthemes.com\/wp\/acrepair\/hvac-maintenance-and-repair\/\">Nettoyage syst\u00e8me centrale<\/a><\/h3>\n\t\t\t\t\t\t<div class=\"text\">Nous sommes sp\u00e9cialis\u00e9s dans le nettoyage de syst\u00e8me centraux\u00a0en utilisant des techniques de succion et de pulsion, de brossage rotatif avec aspiration, d&#8217;aspiration et de filtration. Nous avons les outils ...<\/div>\n\t\t\t\t\t\t<a href=\"https:\/\/wp1.yogsthemes.com\/wp\/acrepair\/hvac-maintenance-and-repair\/\" class=\"theme-btn learn-more\"><span class=\"txt\">Learn More<\/span><\/a>\n                    <\/div>\n\t\t\t\t<\/div>                \n\t\t\t\t             \n\t\t\t\t<!-- Service Block Three -->\n\t\t\t\t<div class=\"service-block-three col-lg-4 col-md-6 col-sm-12\">\n                \t<div class=\"inner-box\">                    \n\t\t\t\t\t\t<div class=\"icon-box\">                        \n\t\t\t\t\t\t\t<span class=\"icon  flaticon-home\"><\/span>\n                        <\/div>                        \n\t\t\t\t\t\t<h3><a href=\"https:\/\/wp1.yogsthemes.com\/wp\/acrepair\/hvac-design-facilities\/\">Nettoyage des sorties et conduits de s\u00e9cheuse<\/a><\/h3>\n\t\t\t\t\t\t<div class=\"text\">Nous offrons un service de nettoyage de tuyau efficace avec une brosse rotative et un syst\u00e8me d&#8217;aspiration pour \u00e9liminer la salet\u00e9 et la poussi\u00e8re. Contactez-nous d\u00e8s maintenant pour une estimation ...<\/div>\n\t\t\t\t\t\t<a href=\"https:\/\/wp1.yogsthemes.com\/wp\/acrepair\/hvac-design-facilities\/\" class=\"theme-btn learn-more\"><span class=\"txt\">Learn More<\/span><\/a>\n                    <\/div>\n\t\t\t\t<\/div>                \n\t\t\t\t             \n\t\t\t\t<!-- Service Block Three -->\n\t\t\t\t<div class=\"service-block-three col-lg-4 col-md-6 col-sm-12\">\n                \t<div class=\"inner-box\">                    \n\t\t\t\t\t\t<div class=\"icon-box\">                        \n\t\t\t\t\t\t\t<span class=\"icon  fa fa-tools\"><\/span>\n                        <\/div>                        \n\t\t\t\t\t\t<h3><a href=\"https:\/\/wp1.yogsthemes.com\/wp\/acrepair\/hvac-cleaning-optimization\/\">Nettoyage \u00e9changeur d&#8217;air<\/a><\/h3>\n\t\t\t\t\t\t<div class=\"text\">Nous proposons un service professionnel de nettoyage de l&#8217;\u00e9changeur d&#8217;air, qui inclut le nettoyage des filtres, du bloc avec un d\u00e9tergent bio, ainsi que le nettoyage des conduits avec une ...<\/div>\n\t\t\t\t\t\t<a href=\"https:\/\/wp1.yogsthemes.com\/wp\/acrepair\/hvac-cleaning-optimization\/\" class=\"theme-btn learn-more\"><span class=\"txt\">Learn More<\/span><\/a>\n                    <\/div>\n\t\t\t\t<\/div>                \n\t\t\t\t             \n\t\t\t\t<!-- Service Block Three -->\n\t\t\t\t<div class=\"service-block-three col-lg-4 col-md-6 col-sm-12\">\n                \t<div class=\"inner-box\">                    \n\t\t\t\t\t\t<div class=\"icon-box\">                        \n\t\t\t\t\t\t\t<span class=\"icon  fa fa-temperature-low\"><\/span>\n                        <\/div>                        \n\t\t\t\t\t\t<h3><a href=\"https:\/\/wp1.yogsthemes.com\/wp\/acrepair\/powerfull-energy-efficiency\/\">Nettoyage climatiseur et thermopompe murale<\/a><\/h3>\n\t\t\t\t\t\t<div class=\"text\">Nous sommes sp\u00e9cialis\u00e9s dans le nettoyage de syst\u00e8me centraux\u00a0en utilisant des techniques de succion et de pulsion, de brossage rotatif avec aspiration, d&#8217;aspiration et de filtration. Nous avons les outils ...<\/div>\n\t\t\t\t\t\t<a href=\"https:\/\/wp1.yogsthemes.com\/wp\/acrepair\/powerfull-energy-efficiency\/\" class=\"theme-btn learn-more\"><span class=\"txt\">Learn More<\/span><\/a>\n                    <\/div>\n\t\t\t\t<\/div>                \n\t\t\t\t                  \n\t\t\t<\/div>\n\t\t<\/div>\n\t<\/section>\n\t<!-- End Services Page Section -->\n\n\t\t\t\t\t\t<\/div>\n\t\t\t\t<\/div>\n\t\t\t\t<div class=\"elementor-element elementor-element-52e58be elementor-widget elementor-widget-acrepair_get_in_touch\" data-id=\"52e58be\" data-element_type=\"widget\" data-widget_type=\"acrepair_get_in_touch.default\">\n\t\t\t\t<div class=\"elementor-widget-container\">\n\t\t\t\t\t\n           <!-- Contact Section -->\n    <section id=\"contact\" class=\"contact-section \">\n\t\t<div class=\"auto-container\">\n        \t\t\t\t<!-- Sec Title \/ Centered -->            \n\t\t\t<div class=\"sec-title centered\">            \n\t\t\t\t<h2>Contactez-nous!<\/h2>                \n\t\t\t\t<div class=\"separator\"><\/div>                \n\t\t\t<\/div>\n            \t\t\t<div class=\"inner-container\">            \n\t\t\t\t<div class=\"pattern-layer\" style=\"background-image:url(https:\/\/sofrpur.com\/wp-content\/uploads\/2024\/03\/sofrpur_icon-2.png);\"><\/div>\n                <div class=\"row clearfix\">\t\t\t\t\n\t\t\t\t\t<!-- Form Column -->\n\t\t\t\t\t<div class=\"form-column col-lg-7 col-md-12 col-sm-12\">                    \n\t\t\t\t\t\t<div class=\"inner-column\">\n\t\t\t\t\t\t\t                            <div class=\"title-box\">                            \n\t\t\t\t\t\t\t\t<h3>Soumission gratuite<\/h3>                  \n\t\t\t\t\t\t\t\t<div class=\"text\">Parlez-nous pour d\u00e9couvrir comment nous pouvons am\u00e9liorer la qualit\u00e9 de votre air int\u00e9rieur d\u00e8s aujourd'hui !<\/div>                               \n\t\t\t\t\t\t\t<\/div>\n                            \t\t\t\t\t\t\t<!-- Contact Form -->\n\t\t\t\t\t\t\t<div class=\"contact-form\">                                \n\t\t\t\t\t\t\t\t\n<div class=\"wpcf7 no-js\" id=\"wpcf7-f2343-o1\" lang=\"en-US\" dir=\"ltr\" data-wpcf7-id=\"2343\">\n<div class=\"screen-reader-response\"><p role=\"status\" aria-live=\"polite\" aria-atomic=\"true\"><\/p> <ul><\/ul><\/div>\n<form action=\"\/en\/wp-json\/wp\/v2\/pages\/2264#wpcf7-f2343-o1\" method=\"post\" class=\"wpcf7-form init\" aria-label=\"Contact form\" novalidate=\"novalidate\" data-status=\"init\">\n<fieldset class=\"hidden-fields-container\"><input type=\"hidden\" name=\"_wpcf7\" value=\"2343\" \/><input type=\"hidden\" name=\"_wpcf7_version\" value=\"6.1.3\" \/><input type=\"hidden\" name=\"_wpcf7_locale\" value=\"en_US\" \/><input type=\"hidden\" name=\"_wpcf7_unit_tag\" value=\"wpcf7-f2343-o1\" \/><input type=\"hidden\" name=\"_wpcf7_container_post\" value=\"0\" \/><input type=\"hidden\" name=\"_wpcf7_posted_data_hash\" value=\"\" \/>\n<\/fieldset>\n<div class=\"row clearfix\">\n\t<div class=\"col-lg-6 col-md-6 col-sm-12 form-group\">\n\t\t<p><span class=\"wpcf7-form-control-wrap\" data-name=\"text-117\"><input size=\"40\" maxlength=\"400\" class=\"wpcf7-form-control wpcf7-text wpcf7-validates-as-required\" aria-required=\"true\" aria-invalid=\"false\" placeholder=\"Name\" value=\"\" type=\"text\" name=\"text-117\" \/><\/span>\n\t\t<\/p>\n\t<\/div>\n\t<div class=\"col-lg-6 col-md-6 col-sm-12 form-group\">\n\t\t<p><span class=\"wpcf7-form-control-wrap\" data-name=\"text-118\"><input size=\"40\" maxlength=\"400\" class=\"wpcf7-form-control wpcf7-text wpcf7-validates-as-required\" aria-required=\"true\" aria-invalid=\"false\" placeholder=\"Phone\" value=\"\" type=\"text\" name=\"text-118\" \/><\/span>\n\t\t<\/p>\n\t<\/div>\n\t<div class=\"col-lg-6 col-md-6 col-sm-12 form-group\">\n\t\t<p><span class=\"wpcf7-form-control-wrap\" data-name=\"email-113\"><input size=\"40\" maxlength=\"400\" class=\"wpcf7-form-control wpcf7-email wpcf7-validates-as-required wpcf7-text wpcf7-validates-as-email\" aria-required=\"true\" aria-invalid=\"false\" placeholder=\"Email\" value=\"\" type=\"email\" name=\"email-113\" \/><\/span>\n\t\t<\/p>\n\t<\/div>\n<!--Form Group-->\n\t<div class=\"form-group col-lg-6 col-md-6 col-sm-12\">\n\t\t<p><span class=\"wpcf7-form-control-wrap\" data-name=\"menu-329\"><select class=\"wpcf7-form-control wpcf7-select custom-select-box\" aria-invalid=\"false\" name=\"menu-329\"><option value=\"Service Cleaning air conditioner or wall-mounted heat pump Cleaning central system Cleaning dryer duct Cleaning air duct\">Service Cleaning air conditioner or wall-mounted heat pump Cleaning central system Cleaning dryer duct Cleaning air duct<\/option><\/select><\/span>\n\t\t<\/p>\n\t<\/div>\n\t<p><button class=\"theme-btn btn-style-one\" type=\"submit\" name=\"submit-form\"><span class=\"txt\">Send now<\/span><\/button>\n\t<\/p>\n<\/div><div class=\"wpcf7-response-output\" aria-hidden=\"true\"><\/div>\n<\/form>\n<\/div>\n\t\t\t\t\t\t\t<\/div>\t\t\t\t\t\t\t\n\t\t\t\t\t\t<\/div>\n\t\t\t\t\t<\/div>\n\t\t\t\t\t\n\t\t\t\t\t<!-- Map Column -->\n                    \n\t\t\t\t\t<div class=\"map-column col-lg-5 col-md-12 col-sm-12\">                    \n\t\t\t\t\t\t<div class=\"inner-column\">\n                        \t\t\t\t\t\t\t\t<div class=\"title-box\">                            \n\t\t\t\t\t\t\t\t<h3>Nos Bureaux<\/h3>\n\t\t\t\t\t\t\t<\/div>\n                            \t\t\t\t\t\t\t<ul class=\"addres-list\">\n\t\t\t\t\t\t\t\t                                <li><span class=\"icon icon flaticon-location-1\"><\/span>MONTR\u00c9AL- 4388 Saint Denis St, H2J 2L1<\/li>\n\t\t\t\t\t\t\t\t                                <li><span class=\"icon icon flaticon-phone\"><\/span>(438) 508-6060<\/li>\n\t\t\t\t\t\t\t\t                                <li><span class=\"icon icon flaticon-location-1\"><\/span>TROIS-RIVI\u00c8RES- 4520 Bd des R\u00e9collets, G9A 0H5<\/li>\n\t\t\t\t\t\t\t\t                                <li><span class=\"icon icon flaticon-phone\"><\/span>(438) 508-6060<\/li>\n\t\t\t\t\t\t\t\t                                <li><span class=\"icon icon flaticon-email\"><\/span>info@sofrpur.com<\/li>\n\t\t\t\t\t\t\t\t\t\t\t\t\t\t\t<\/ul>                        \n\t\t\t\t\t\t\t<!-- Map Boxed -->                            \n\t\t\t\t\t\t\t<div class=\"map-boxed\">                            \n\t\t\t\t\t\t\t\t                                \n\t\t\t\t\t\t\t<\/div>                            \n\t\t\t\t\t\t<\/div>\n\t\t\t\t\t<\/div>\t\t\t\t\t\n\t\t\t\t<\/div>\n\t\t\t<\/div>\n\t\t<\/div>\n\t<\/section>\n\t<!-- End Contact Section -->\n\n\t\t\t\t\t\t<\/div>\n\t\t\t\t<\/div>\n\t\t\t\t\t<\/div>\n\t\t<\/div>\n\t\t\t\t\t<\/div>\n\t\t<\/section>\n\t\t\t\t<\/div>\n\t\t","protected":false},"excerpt":{"rendered":"<p>Nettoyage syst\u00e8me centrale Nous sommes sp\u00e9cialis\u00e9s dans le nettoyage de syst\u00e8me centraux\u00a0en utilisant des techniques de succion et de pulsion, de brossage rotatif avec aspiration, d&#8217;aspiration et de filtration. Nous avons les outils et l&#8217;expertise n\u00e9cessaires pour \u00e9liminer la salet\u00e9, la poussi\u00e8re et les contaminants accumul\u00e9s dans vos conduits d&#8217;air, ce qui peut am\u00e9liorer la [&hellip;]<\/p>\n","protected":false},"author":1,"featured_media":0,"parent":0,"menu_order":0,"comment_status":"closed","ping_status":"closed","template":"tpl-default-elementor.php","meta":{"nf_dc_page":"","footnotes":""},"class_list":["post-2264","page","type-page","status-publish","hentry"],"yoast_head":"<!-- This site is optimized with the Yoast SEO plugin v27.2 - https:\/\/yoast.com\/product\/yoast-seo-wordpress\/ -->\n<title>Services - Sof R Pur<\/title>\n<meta name=\"description\" content=\"Sof R Pur NETTOYAGE PROFESSIONEL DE CLIMATISATEUR ET THERMOPOMPE MURALE\" \/>\n<meta name=\"robots\" content=\"index, follow, max-snippet:-1, max-image-preview:large, max-video-preview:-1\" \/>\n<link rel=\"canonical\" href=\"https:\/\/sofrpur.com\/en\/services\/\" \/>\n<meta property=\"og:locale\" content=\"en_US\" \/>\n<meta property=\"og:type\" content=\"article\" \/>\n<meta property=\"og:title\" content=\"Services - Sof R Pur\" \/>\n<meta property=\"og:description\" content=\"Sof R Pur NETTOYAGE PROFESSIONEL DE CLIMATISATEUR ET THERMOPOMPE MURALE\" \/>\n<meta property=\"og:url\" content=\"https:\/\/sofrpur.com\/en\/services\/\" \/>\n<meta property=\"og:site_name\" content=\"Sof R Pur\" \/>\n<meta property=\"article:publisher\" content=\"https:\/\/www.facebook.com\/sofrpur\" \/>\n<meta property=\"article:modified_time\" content=\"2024-05-22T14:35:36+00:00\" \/>\n<meta property=\"og:image\" content=\"https:\/\/i0.wp.com\/sofrpur.com\/wp-content\/uploads\/2024\/05\/nettoyage-de-conduits-ventillation-commercial-2.png?fit=360%2C264&ssl=1\" \/>\n\t<meta property=\"og:image:width\" content=\"360\" \/>\n\t<meta property=\"og:image:height\" content=\"264\" \/>\n\t<meta property=\"og:image:type\" content=\"image\/png\" \/>\n<meta name=\"twitter:card\" content=\"summary_large_image\" \/>\n<meta name=\"twitter:label1\" content=\"Est. reading time\" \/>\n\t<meta name=\"twitter:data1\" content=\"2 minutes\" \/>\n<script type=\"application\/ld+json\" class=\"yoast-schema-graph\">{\"@context\":\"https:\/\/schema.org\",\"@graph\":[{\"@type\":\"WebPage\",\"@id\":\"https:\/\/sofrpur.com\/en\/services\/\",\"url\":\"https:\/\/sofrpur.com\/en\/services\/\",\"name\":\"Services - Sof R Pur\",\"isPartOf\":{\"@id\":\"http:\/\/sofrpur.com\/en\/#website\"},\"datePublished\":\"2021-11-20T06:26:13+00:00\",\"dateModified\":\"2024-05-22T14:35:36+00:00\",\"description\":\"Sof R Pur NETTOYAGE PROFESSIONEL DE CLIMATISATEUR ET THERMOPOMPE MURALE\",\"breadcrumb\":{\"@id\":\"https:\/\/sofrpur.com\/en\/services\/#breadcrumb\"},\"inLanguage\":\"en-US\",\"potentialAction\":[{\"@type\":\"ReadAction\",\"target\":[\"https:\/\/sofrpur.com\/en\/services\/\"]}]},{\"@type\":\"BreadcrumbList\",\"@id\":\"https:\/\/sofrpur.com\/en\/services\/#breadcrumb\",\"itemListElement\":[{\"@type\":\"ListItem\",\"position\":1,\"name\":\"Home\",\"item\":\"https:\/\/sofrpur.com\/en\/home\/\"},{\"@type\":\"ListItem\",\"position\":2,\"name\":\"Services\"}]},{\"@type\":\"WebSite\",\"@id\":\"http:\/\/sofrpur.com\/en\/#website\",\"url\":\"http:\/\/sofrpur.com\/en\/\",\"name\":\"Sof R Pur\",\"description\":\"Sof R pur compagnie sp\u00e9cialis\u00e9e dans le nettoyage de conduit de ventilation, de climatiseurs, d&#039;\u00e9changeurs d&#039;air et de tuyaux de s\u00e9cheuse.\",\"publisher\":{\"@id\":\"http:\/\/sofrpur.com\/en\/#organization\"},\"potentialAction\":[{\"@type\":\"SearchAction\",\"target\":{\"@type\":\"EntryPoint\",\"urlTemplate\":\"http:\/\/sofrpur.com\/en\/?s={search_term_string}\"},\"query-input\":{\"@type\":\"PropertyValueSpecification\",\"valueRequired\":true,\"valueName\":\"search_term_string\"}}],\"inLanguage\":\"en-US\"},{\"@type\":\"Organization\",\"@id\":\"http:\/\/sofrpur.com\/en\/#organization\",\"name\":\"Sof R Pur\",\"url\":\"http:\/\/sofrpur.com\/en\/\",\"logo\":{\"@type\":\"ImageObject\",\"inLanguage\":\"en-US\",\"@id\":\"http:\/\/sofrpur.com\/en\/#\/schema\/logo\/image\/\",\"url\":\"https:\/\/i0.wp.com\/sofrpur.com\/wp-content\/uploads\/2024\/02\/cropped-favicon-1.jpg?fit=302%2C250&ssl=1\",\"contentUrl\":\"https:\/\/i0.wp.com\/sofrpur.com\/wp-content\/uploads\/2024\/02\/cropped-favicon-1.jpg?fit=302%2C250&ssl=1\",\"width\":302,\"height\":250,\"caption\":\"Sof R Pur\"},\"image\":{\"@id\":\"http:\/\/sofrpur.com\/en\/#\/schema\/logo\/image\/\"},\"sameAs\":[\"https:\/\/www.facebook.com\/sofrpur\"]}]}<\/script>\n<!-- \/ Yoast SEO plugin. -->","yoast_head_json":{"title":"Services - Sof R Pur","description":"Sof R Pur NETTOYAGE PROFESSIONEL DE CLIMATISATEUR ET THERMOPOMPE MURALE","robots":{"index":"index","follow":"follow","max-snippet":"max-snippet:-1","max-image-preview":"max-image-preview:large","max-video-preview":"max-video-preview:-1"},"canonical":"https:\/\/sofrpur.com\/en\/services\/","og_locale":"en_US","og_type":"article","og_title":"Services - Sof R Pur","og_description":"Sof R Pur NETTOYAGE PROFESSIONEL DE CLIMATISATEUR ET THERMOPOMPE MURALE","og_url":"https:\/\/sofrpur.com\/en\/services\/","og_site_name":"Sof R Pur","article_publisher":"https:\/\/www.facebook.com\/sofrpur","article_modified_time":"2024-05-22T14:35:36+00:00","og_image":[{"width":360,"height":264,"url":"https:\/\/i0.wp.com\/sofrpur.com\/wp-content\/uploads\/2024\/05\/nettoyage-de-conduits-ventillation-commercial-2.png?fit=360%2C264&ssl=1","type":"image\/png"}],"twitter_card":"summary_large_image","twitter_misc":{"Est. reading time":"2 minutes"},"schema":{"@context":"https:\/\/schema.org","@graph":[{"@type":"WebPage","@id":"https:\/\/sofrpur.com\/en\/services\/","url":"https:\/\/sofrpur.com\/en\/services\/","name":"Services - Sof R Pur","isPartOf":{"@id":"http:\/\/sofrpur.com\/en\/#website"},"datePublished":"2021-11-20T06:26:13+00:00","dateModified":"2024-05-22T14:35:36+00:00","description":"Sof R Pur NETTOYAGE PROFESSIONEL DE CLIMATISATEUR ET THERMOPOMPE MURALE","breadcrumb":{"@id":"https:\/\/sofrpur.com\/en\/services\/#breadcrumb"},"inLanguage":"en-US","potentialAction":[{"@type":"ReadAction","target":["https:\/\/sofrpur.com\/en\/services\/"]}]},{"@type":"BreadcrumbList","@id":"https:\/\/sofrpur.com\/en\/services\/#breadcrumb","itemListElement":[{"@type":"ListItem","position":1,"name":"Home","item":"https:\/\/sofrpur.com\/en\/home\/"},{"@type":"ListItem","position":2,"name":"Services"}]},{"@type":"WebSite","@id":"http:\/\/sofrpur.com\/en\/#website","url":"http:\/\/sofrpur.com\/en\/","name":"Sof R Pur","description":"Sof R pur compagnie sp\u00e9cialis\u00e9e dans le nettoyage de conduit de ventilation, de climatiseurs, d&#039;\u00e9changeurs d&#039;air et de tuyaux de s\u00e9cheuse.","publisher":{"@id":"http:\/\/sofrpur.com\/en\/#organization"},"potentialAction":[{"@type":"SearchAction","target":{"@type":"EntryPoint","urlTemplate":"http:\/\/sofrpur.com\/en\/?s={search_term_string}"},"query-input":{"@type":"PropertyValueSpecification","valueRequired":true,"valueName":"search_term_string"}}],"inLanguage":"en-US"},{"@type":"Organization","@id":"http:\/\/sofrpur.com\/en\/#organization","name":"Sof R Pur","url":"http:\/\/sofrpur.com\/en\/","logo":{"@type":"ImageObject","inLanguage":"en-US","@id":"http:\/\/sofrpur.com\/en\/#\/schema\/logo\/image\/","url":"https:\/\/i0.wp.com\/sofrpur.com\/wp-content\/uploads\/2024\/02\/cropped-favicon-1.jpg?fit=302%2C250&ssl=1","contentUrl":"https:\/\/i0.wp.com\/sofrpur.com\/wp-content\/uploads\/2024\/02\/cropped-favicon-1.jpg?fit=302%2C250&ssl=1","width":302,"height":250,"caption":"Sof R Pur"},"image":{"@id":"http:\/\/sofrpur.com\/en\/#\/schema\/logo\/image\/"},"sameAs":["https:\/\/www.facebook.com\/sofrpur"]}]}},"jetpack_sharing_enabled":true,"_links":{"self":[{"href":"https:\/\/sofrpur.com\/en\/wp-json\/wp\/v2\/pages\/2264","targetHints":{"allow":["GET"]}}],"collection":[{"href":"https:\/\/sofrpur.com\/en\/wp-json\/wp\/v2\/pages"}],"about":[{"href":"https:\/\/sofrpur.com\/en\/wp-json\/wp\/v2\/types\/page"}],"author":[{"embeddable":true,"href":"https:\/\/sofrpur.com\/en\/wp-json\/wp\/v2\/users\/1"}],"replies":[{"embeddable":true,"href":"https:\/\/sofrpur.com\/en\/wp-json\/wp\/v2\/comments?post=2264"}],"version-history":[{"count":1,"href":"https:\/\/sofrpur.com\/en\/wp-json\/wp\/v2\/pages\/2264\/revisions"}],"predecessor-version":[{"id":2270,"href":"https:\/\/sofrpur.com\/en\/wp-json\/wp\/v2\/pages\/2264\/revisions\/2270"}],"wp:attachment":[{"href":"https:\/\/sofrpur.com\/en\/wp-json\/wp\/v2\/media?parent=2264"}],"curies":[{"name":"wp","href":"https:\/\/api.w.org\/{rel}","templated":true}]}}